{"id":2841,"date":"2022-12-21T04:24:04","date_gmt":"2022-12-21T03:24:04","guid":{"rendered":"https:\/\/vibrant-sinoussi.82-223-54-51.plesk.page\/projekte\/"},"modified":"2024-08-19T18:08:42","modified_gmt":"2024-08-19T16:08:42","slug":"projekte","status":"publish","type":"page","link":"https:\/\/protecinvest.com\/de\/projekte\/","title":{"rendered":"Projekte"},"content":{"rendered":"\t\t<div data-elementor-type=\"wp-page\" data-elementor-id=\"2841\" class=\"elementor elementor-2841 elementor-562\" data-elementor-post-type=\"page\">\n\t\t\t\t\t\t\t\t\t<section class=\"elementor-section elementor-top-section elementor-element elementor-element-c8625f9 elementor-section-full_width elementor-section-height-default elementor-section-height-default\" data-id=\"c8625f9\" data-element_type=\"section\">\n\t\t\t\t\t\t<div class=\"elementor-container elementor-column-gap-no\">\n\t\t\t\t\t<div class=\"elementor-column elementor-col-100 elementor-top-column elementor-element elementor-element-e72fe87\" data-id=\"e72fe87\" data-element_type=\"column\">\n\t\t\t<div class=\"elementor-widget-wrap elementor-element-populated\">\n\t\t\t\t\t\t\t\t<div class=\"elementor-element elementor-element-4dfd9d4 elementor-align-left elementor-widget elementor-widget-bdevs-banner\" data-id=\"4dfd9d4\" data-element_type=\"widget\" data-widget_type=\"bdevs-banner.default\">\n\t\t\t\t<div class=\"elementor-widget-container\">\n\t\t\t \r\n<section class=\"p-t-100 p-b-65\">\r\n    <div class=\"container\">\r\n        <div class=\"page-heading\">\r\n        \t            <h4 class=\"title-sub title-sub--c8 m-b-15\">UNSER PROJEKT<\/h4>\r\n                                    <h2 class=\"title-2\">Erleben Sie den Gipfel des Luxus\n                             <br>Wohnen Sie mit unseren exklusiven Wohnprojekten.<\/h2>\r\n                    <\/div>\r\n    <\/div>\r\n<\/section>\r\n\t\t\t<\/div>\n\t\t\t\t<\/div>\n\t\t\t\t\t<\/div>\n\t\t<\/div>\n\t\t\t\t\t\t\t<\/div>\n\t\t<\/section>\n\t\t\t\t<section class=\"elementor-section elementor-top-section elementor-element elementor-element-a785f63 elementor-section-full_width elementor-section-height-default elementor-section-height-default\" data-id=\"a785f63\" data-element_type=\"section\">\n\t\t\t\t\t\t<div class=\"elementor-container elementor-column-gap-no\">\n\t\t\t\t\t<div class=\"elementor-column elementor-col-100 elementor-top-column elementor-element elementor-element-eae9ca4\" data-id=\"eae9ca4\" data-element_type=\"column\">\n\t\t\t<div class=\"elementor-widget-wrap elementor-element-populated\">\n\t\t\t\t\t\t\t\t<div class=\"elementor-element elementor-element-420ee61 elementor-align-center elementor-widget elementor-widget-bdevs-project5\" data-id=\"420ee61\" data-element_type=\"widget\" data-widget_type=\"bdevs-project5.default\">\n\t\t\t\t<div class=\"elementor-widget-container\">\n\t\t\t  \r\n<section class=\"section p-b-120\">\r\n                <div class=\"container\">\r\n                    <div class=\"row gutter-xl\">\r\n                    \t\t\t\t\t\t                            <div class=\"col-md-6\">\r\n                            <article class=\"media media-project m-b-50\">\r\n                                <figure class=\"media__img\">\r\n                                    <img decoding=\"async\" src=\"https:\/\/protecinvest.com\/wp-content\/uploads\/2023\/07\/4-1-1.webp\" alt=\"luxury villa\" \/>\r\n                                <\/figure>\r\n                                <div class=\"bg-overlay\"><\/div>\r\n                                <span class=\"line\"><\/span>\r\n                                <span class=\"line line--bottom\"><\/span>\r\n                                <div class=\"media__body\">\r\n                                    <h3 class=\"title\">\r\n                                        <a href=\"https:\/\/protecinvest.com\/de\/project\/el-paraiso\/\">El Para\u00edso<\/a>\r\n                                    <\/h3>\r\n                                    <div class=\"address\">Marbella , Spain, <\/div>\r\n                                <\/div>\r\n                            <\/article>\r\n                        <\/div>\r\n                        \t\t\t\t\t                            <div class=\"col-md-6\">\r\n                            <article class=\"media media-project m-b-50\">\r\n                                <figure class=\"media__img\">\r\n                                    <img decoding=\"async\" src=\"https:\/\/protecinvest.com\/wp-content\/uploads\/2023\/07\/project-37-1-3.webp\" alt=\"luxury villa\" \/>\r\n                                <\/figure>\r\n                                <div class=\"bg-overlay\"><\/div>\r\n                                <span class=\"line\"><\/span>\r\n                                <span class=\"line line--bottom\"><\/span>\r\n                                <div class=\"media__body\">\r\n                                    <h3 class=\"title\">\r\n                                        <a href=\"https:\/\/protecinvest.com\/de\/project\/selwo\/\">Selwo<\/a>\r\n                                    <\/h3>\r\n                                    <div class=\"address\">Marbella , Spain, <\/div>\r\n                                <\/div>\r\n                            <\/article>\r\n                        <\/div>\r\n                        \t\t\t\t\t                            <div class=\"col-md-6\">\r\n                            <article class=\"media media-project m-b-50\">\r\n                                <figure class=\"media__img\">\r\n                                    <img decoding=\"async\" src=\"https:\/\/protecinvest.com\/wp-content\/uploads\/2023\/05\/Medici-1-2.webp\" alt=\"luxury villa\" \/>\r\n                                <\/figure>\r\n                                <div class=\"bg-overlay\"><\/div>\r\n                                <span class=\"line\"><\/span>\r\n                                <span class=\"line line--bottom\"><\/span>\r\n                                <div class=\"media__body\">\r\n                                    <h3 class=\"title\">\r\n                                        <a href=\"https:\/\/protecinvest.com\/de\/project\/restaurant-medici\/\">Restaurant Medici<\/a>\r\n                                    <\/h3>\r\n                                    <div class=\"address\">Marbella , Spain, <\/div>\r\n                                <\/div>\r\n                            <\/article>\r\n                        <\/div>\r\n                                            <\/div>\r\n                                    <\/div>\r\n            <\/section>\r\n\t\t\t<\/div>\n\t\t\t\t<\/div>\n\t\t\t\t\t<\/div>\n\t\t<\/div>\n\t\t\t\t\t\t\t<\/div>\n\t\t<\/section>\n\t\t\t\t<section class=\"elementor-section elementor-top-section elementor-element elementor-element-8660569 elementor-section-full_width elementor-section-height-default elementor-section-height-default\" data-id=\"8660569\" data-element_type=\"section\" data-settings=\"{&quot;background_background&quot;:&quot;classic&quot;}\">\n\t\t\t\t\t\t<div class=\"elementor-container elementor-column-gap-no\">\n\t\t\t\t\t<div class=\"elementor-column elementor-col-100 elementor-top-column elementor-element elementor-element-3757137\" data-id=\"3757137\" data-element_type=\"column\">\n\t\t\t<div class=\"elementor-widget-wrap elementor-element-populated\">\n\t\t\t\t\t\t\t\t<div class=\"elementor-element elementor-element-1169e34 elementor-align-center elementor-widget elementor-widget-bdevs-contact3\" data-id=\"1169e34\" data-element_type=\"widget\" data-widget_type=\"bdevs-contact3.default\">\n\t\t\t\t<div class=\"elementor-widget-container\">\n\t\t\t<section class=\"p-b-105 p-t-70\">\r\n    <div class=\"container\">\r\n        <div class=\"section-row section-row--fit\">\r\n        \t            <div class=\"section-col-4\">\r\n            \t                <h2 class=\"title-1 text-uppercase m-b-30\">+ uns <br>treffen<\/h2>\r\n                                                <p class=\"text--s18 m-b-50\">Urb. Las Buganvillas, Centro Comercial Bah\u00eda Pr\u00edncipe, Local 1, 29649 Mijas Costa (M\u00e1laga)<\/p>\r\n                            <\/div>\r\n                        <div class=\"section-col-4\">\r\n            \t                <h2 class=\"title-1 text-uppercase m-b-30\">+ Rufen Sie uns an<\/h2>\r\n                                                <p class=\"text--s18 m-b-50\">Telefonnummer :<br><a href=\"tel:+34 952 587 573\">  +34 952 587 573<\/a><\/p>\r\n                            <\/div>\r\n                        <div class=\"section-col-4\">\r\n            \t                <h2 class=\"title-1 text-uppercase m-b-30\">+ Schreiben Sie uns<\/h2>\r\n                                                <p class=\"text--s18 m-b-50\">Email :<br><a href=\"mailto:silviajensen@grupo-protec.com\">  silviajensen@grupo-protec.com<\/a><\/p>\r\n                            <\/div>\r\n                    <\/div>\r\n    <\/div>\r\n<\/section>\r\n\t\t\t<\/div>\n\t\t\t\t<\/div>\n\t\t\t\t\t<\/div>\n\t\t<\/div>\n\t\t\t\t\t\t\t<\/div>\n\t\t<\/section>\n\t\t\t\t\t\t\t<\/div>\n\t\t","protected":false},"excerpt":{"rendered":"<p>UNSER PROJEKT Erleben Sie den Gipfel des Luxus Wohnen Sie mit unseren exklusiven Wohnprojekten. El Para\u00edso Marbella , Spain, Selwo Marbella , Spain, Restaurant Medici Marbella , Spain, + uns treffen Urb. Las Buganvillas, Centro Comercial Bah\u00eda Pr\u00edncipe, Local 1, 29649 Mijas Costa (M\u00e1laga) + Rufen Sie uns an Telefonnummer : +34 952 587 573 [&hellip;]<\/p>\n","protected":false},"author":3,"featured_media":0,"parent":0,"menu_order":0,"comment_status":"closed","ping_status":"closed","template":"page-templates\/home.php","meta":{"footnotes":""},"class_list":["post-2841","page","type-page","status-publish","hentry"],"_links":{"self":[{"href":"https:\/\/protecinvest.com\/de\/wp-json\/wp\/v2\/pages\/2841","targetHints":{"allow":["GET"]}}],"collection":[{"href":"https:\/\/protecinvest.com\/de\/wp-json\/wp\/v2\/pages"}],"about":[{"href":"https:\/\/protecinvest.com\/de\/wp-json\/wp\/v2\/types\/page"}],"author":[{"embeddable":true,"href":"https:\/\/protecinvest.com\/de\/wp-json\/wp\/v2\/users\/3"}],"replies":[{"embeddable":true,"href":"https:\/\/protecinvest.com\/de\/wp-json\/wp\/v2\/comments?post=2841"}],"version-history":[{"count":11,"href":"https:\/\/protecinvest.com\/de\/wp-json\/wp\/v2\/pages\/2841\/revisions"}],"predecessor-version":[{"id":3421,"href":"https:\/\/protecinvest.com\/de\/wp-json\/wp\/v2\/pages\/2841\/revisions\/3421"}],"wp:attachment":[{"href":"https:\/\/protecinvest.com\/de\/wp-json\/wp\/v2\/media?parent=2841"}],"curies":[{"name":"wp","href":"https:\/\/api.w.org\/{rel}","templated":true}]}}